{"id":222,"date":"2019-03-20T13:05:27","date_gmt":"2019-03-20T13:05:27","guid":{"rendered":"https:\/\/www.bartenstein.com\/?page_id=222"},"modified":"2024-08-19T10:22:10","modified_gmt":"2024-08-19T08:22:10","slug":"home-2","status":"publish","type":"page","link":"https:\/\/bartenstein.com\/","title":{"rendered":"Home"},"content":{"rendered":"\n<blockquote class=\"wp-block-quote has-text-align-center is-style-large is-layout-flow wp-block-quote-is-layout-flow\">\n<p><strong>Unternehmensberatung im Mittelstand<\/strong><\/p>\n<\/blockquote>\n\n\n\n<p> Wir helfen Ihrem Unternehmen,  Probleme zu erkennen, zu l\u00f6sen und eine  langfristige Perspektive  aufzubauen. Wir stehen Ihnen mit unserem  Fachwissen in  allen betriebswirtschaftlichen Fragestellungen hilfreich  zur Seite. <\/p>\n\n\n\n<p>Wir sind w\u00e4hrend unserer T\u00e4tigkeit in s\u00e4mtliche  Gesch\u00e4ftsabl\u00e4ufe  integriert, erfassen die Ist-Situation, entwickeln  Strategien f\u00fcr das  weitere Vorgehen und begleiten die Umsetzung unserer  Handlungsempfehlungen. <\/p>\n\n\n\n<p>M\u00f6gliche Ma\u00dfnahmen, die Ihren langfristigen  Unternehmenserfolg sichern   k\u00f6nnen, sind zum Beispiel Konsolidierungen,  Expansionen oder  allgemeine  Umstrukturierungen   <\/p>\n\n\n\n<div class=\"wp-block-columns has-2-columns is-layout-flex wp-container-core-columns-is-layout-9d6595d7 wp-block-columns-is-layout-flex\">\n<div class=\"wp-block-column is-layout-flow wp-block-column-is-layout-flow\">\n<p>Wir bieten Ihnen vertrauliche Beratung und praktische Hilfe. Schnell, kompetent und zu einem fairen Preis.  <\/p>\n\n\n\n<ul class=\"wp-block-list\">\n<li>Aussagekr\u00e4ftige Finanz- und Liquidit\u00e4tsplanungen<\/li>\n\n\n\n<li>St\u00e4rken\u2013Schw\u00e4chen\u2013Analysen mit Strategieentwicklung<\/li>\n\n\n\n<li>Restrukturierung und Sanierung<\/li>\n\n\n\n<li>Prozessoptimierungen<\/li>\n\n\n\n<li>Coaching<\/li>\n<\/ul>\n\n\n\n<p>Als erfahrener Unternehmensberater f\u00fcr den Mittelstand berate ich nicht einfach nur, sondern sorge auf Wunsch auch f\u00fcr Umsetzung in Ihrem  Unternehmen und mit Ihren Mitarbeitern! <\/p>\n<\/div>\n\n\n\n<div class=\"wp-block-column is-layout-flow wp-block-column-is-layout-flow\"><div class=\"wp-block-image\">\n<figure class=\"aligncenter is-resized\"><img decoding=\"async\" src=\"https:\/\/bartenstein.com\/wordpress\/public\/wp-content\/uploads\/2015\/02\/Portrait1.jpg\" alt=\"\" class=\"wp-image-200\" style=\"width:200px;height:288px\"\/><\/figure>\n<\/div><\/div>\n<\/div>\n\n\n\n<p class=\"has-text-align-left\"> <br>Unternehmenserfolge  haben viele Faktoren. Manche k\u00f6nnen Sie beeinflussen, manche nicht. Zu  den Faktoren, die Sie relativ leicht beeinflussen k\u00f6nnen, geh\u00f6ren  die nachfolgend Genannten. Schauen Sie sich die kurzen Videos an und  lassen Sie sich inspirieren. Und wenn Sie dar\u00fcber sprechen m\u00f6chten, freue  ich mich \u00fcber eine Nachricht. <\/p>\n\n\n\n<div class=\"wp-block-columns has-3-columns is-layout-flex wp-container-core-columns-is-layout-9d6595d7 wp-block-columns-is-layout-flex\">\n<div class=\"wp-block-column is-layout-flow wp-block-column-is-layout-flow\">\n<p class=\"has-text-align-center\"><strong>F\u00fchrung<\/strong><\/p>\n\n\n\n<p class=\"has-text-align-center\">Mehr Leistung f\u00fcr das gleiche Geld.<\/p>\n<\/div>\n\n\n\n<div class=\"wp-block-column is-layout-flow wp-block-column-is-layout-flow\">\n<p class=\"has-text-align-center\"><strong>Planung<\/strong><\/p>\n\n\n\n<p class=\"has-text-align-center\"> Mit Navi f\u00e4hrt es sich leichter.<\/p>\n<\/div>\n\n\n\n<div class=\"wp-block-column is-layout-flow wp-block-column-is-layout-flow\">\n<p class=\"has-text-align-center\"><strong>Prozesse<\/strong><\/p>\n\n\n\n<p class=\"has-text-align-center\">Fehler vermeiden, nicht ausb\u00fcgeln.<\/p>\n<\/div>\n<\/div>\n\n\n\n<div class=\"wp-block-columns has-3-columns is-layout-flex wp-container-core-columns-is-layout-9d6595d7 wp-block-columns-is-layout-flex\">\n<div class=\"wp-block-column is-layout-flow wp-block-column-is-layout-flow\">\n<figure class=\"wp-block-embed is-type-video is-provider-youtube wp-block-embed-youtube wp-embed-aspect-16-9 wp-has-aspect-ratio\"><div class=\"wp-block-embed__wrapper\">\n<div  id=\"_ytid_28699\" class=\"__youtube_prefs__  __youtube_prefs_gdpr__  epyt-is-override \" allowfullscreen data-no-lazy=\"1\" data-skipgform_ajax_framebjll=\"\"><p><strong>Please accept YouTube cookies to play this video.<\/strong> By accepting you will be accessing content from YouTube, a service provided by an external third party.<\/p>\n<p><a href=\"https:\/\/policies.google.com\/privacy\" target=\"_blank\" rel=\"noopener\">YouTube privacy policy<\/a><\/p>\n<p>If you accept this notice, your choice will be saved and the page will refresh.<\/p>\n<button type=\"button\" class=\"__youtube_prefs_gdpr__\">Accept YouTube Content<img decoding=\"async\" src=\"https:\/\/bartenstein.com\/wordpress\/public\/wp-content\/plugins\/youtube-embed-plus\/images\/icon-check.png\" alt=\"accept\" data-no-lazy=\"1\" data-skipgform_ajax_framebjll=\"\" \/><\/button><\/div>\n<\/div><\/figure>\n<\/div>\n\n\n\n<div class=\"wp-block-column is-layout-flow wp-block-column-is-layout-flow\">\n<figure class=\"wp-block-embed is-type-video is-provider-youtube wp-block-embed-youtube wp-embed-aspect-16-9 wp-has-aspect-ratio\"><div class=\"wp-block-embed__wrapper\">\n<div  id=\"_ytid_31667\" class=\"__youtube_prefs__  __youtube_prefs_gdpr__  epyt-is-override \" allowfullscreen data-no-lazy=\"1\" data-skipgform_ajax_framebjll=\"\"><p><strong>Please accept YouTube cookies to play this video.<\/strong> By accepting you will be accessing content from YouTube, a service provided by an external third party.<\/p>\n<p><a href=\"https:\/\/policies.google.com\/privacy\" target=\"_blank\" rel=\"noopener\">YouTube privacy policy<\/a><\/p>\n<p>If you accept this notice, your choice will be saved and the page will refresh.<\/p>\n<button type=\"button\" class=\"__youtube_prefs_gdpr__\">Accept YouTube Content<img decoding=\"async\" src=\"https:\/\/bartenstein.com\/wordpress\/public\/wp-content\/plugins\/youtube-embed-plus\/images\/icon-check.png\" alt=\"accept\" data-no-lazy=\"1\" data-skipgform_ajax_framebjll=\"\" \/><\/button><\/div>\n<\/div><\/figure>\n<\/div>\n\n\n\n<div class=\"wp-block-column is-layout-flow wp-block-column-is-layout-flow\">\n<figure class=\"wp-block-embed is-type-video is-provider-youtube wp-block-embed-youtube wp-embed-aspect-16-9 wp-has-aspect-ratio\"><div class=\"wp-block-embed__wrapper\">\n<div  id=\"_ytid_54374\" class=\"__youtube_prefs__  __youtube_prefs_gdpr__  epyt-is-override \" allowfullscreen data-no-lazy=\"1\" data-skipgform_ajax_framebjll=\"\"><p><strong>Please accept YouTube cookies to play this video.<\/strong> By accepting you will be accessing content from YouTube, a service provided by an external third party.<\/p>\n<p><a href=\"https:\/\/policies.google.com\/privacy\" target=\"_blank\" rel=\"noopener\">YouTube privacy policy<\/a><\/p>\n<p>If you accept this notice, your choice will be saved and the page will refresh.<\/p>\n<button type=\"button\" class=\"__youtube_prefs_gdpr__\">Accept YouTube Content<img decoding=\"async\" src=\"https:\/\/bartenstein.com\/wordpress\/public\/wp-content\/plugins\/youtube-embed-plus\/images\/icon-check.png\" alt=\"accept\" data-no-lazy=\"1\" data-skipgform_ajax_framebjll=\"\" \/><\/button><\/div>\n<\/div><\/figure>\n<\/div>\n<\/div>\n\n","protected":false},"excerpt":{"rendered":"<p>Unternehmensberatung im Mittelstand Wir helfen Ihrem Unternehmen, Probleme zu erkennen, zu l\u00f6sen und eine langfristige Perspektive aufzubauen. Wir stehen Ihnen mit unserem Fachwissen in allen betriebswirtschaftlichen Fragestellungen hilfreich zur Seite. Wir sind w\u00e4hrend unserer T\u00e4tigkeit in s\u00e4mtliche Gesch\u00e4ftsabl\u00e4ufe integriert, erfassen die Ist-Situation, entwickeln Strategien f\u00fcr das weitere Vorgehen und begleiten die Umsetzung unserer Handlungsempfehlungen. M\u00f6gliche <br \/><a href=\"https:\/\/bartenstein.com\/\" class=\"more-link\">Mehr erfahren<\/a><\/p>\n","protected":false},"author":1,"featured_media":0,"parent":0,"menu_order":0,"comment_status":"closed","ping_status":"closed","template":"_page-home.php","meta":{"footnotes":""},"class_list":["post-222","page","type-page","status-publish","hentry"],"_links":{"self":[{"href":"https:\/\/bartenstein.com\/index.php\/wp-json\/wp\/v2\/pages\/222","targetHints":{"allow":["GET"]}}],"collection":[{"href":"https:\/\/bartenstein.com\/index.php\/wp-json\/wp\/v2\/pages"}],"about":[{"href":"https:\/\/bartenstein.com\/index.php\/wp-json\/wp\/v2\/types\/page"}],"author":[{"embeddable":true,"href":"https:\/\/bartenstein.com\/index.php\/wp-json\/wp\/v2\/users\/1"}],"replies":[{"embeddable":true,"href":"https:\/\/bartenstein.com\/index.php\/wp-json\/wp\/v2\/comments?post=222"}],"version-history":[{"count":6,"href":"https:\/\/bartenstein.com\/index.php\/wp-json\/wp\/v2\/pages\/222\/revisions"}],"predecessor-version":[{"id":246,"href":"https:\/\/bartenstein.com\/index.php\/wp-json\/wp\/v2\/pages\/222\/revisions\/246"}],"wp:attachment":[{"href":"https:\/\/bartenstein.com\/index.php\/wp-json\/wp\/v2\/media?parent=222"}],"curies":[{"name":"wp","href":"https:\/\/api.w.org\/{rel}","templated":true}]}}