{"id":139,"date":"2016-06-04T11:33:26","date_gmt":"2016-06-04T11:33:26","guid":{"rendered":"http:\/\/www.bartenstein.com\/?page_id=139"},"modified":"2016-06-04T11:33:26","modified_gmt":"2016-06-04T11:33:26","slug":"kundenstimmen","status":"publish","type":"page","link":"https:\/\/bartenstein.com\/index.php\/kundenstimmen\/","title":{"rendered":"Kundenstimmen"},"content":{"rendered":"<p>Herr Bartenstein besticht durch seine \u00e4u\u00dferst pr\u00e4zisen Analysen und seinem hochprofessionellen Umgang mit komplexen Zahlenwerken, gepaart mit einem sehr sympathischen Wesen und angenehmen Umgang mit seiner Mandantschaft.<\/p>\n<p>Ich kann jedem Herrn Bartenstein als Berater nur ans Herz legen.<\/p>\n<p>S. R.<br \/>\nGesch\u00e4ftsf\u00fchrende Gesellschafterin<\/p>\n<p>&nbsp;<\/p>\n<p>Herr Bartenstein begeistert uns seit nahezu 6\u00a0Jahren durch einen uniquen und harmonischen Dreiklang von betrieblicher Fachkompetenz, ausgesprochen kommunikativen F\u00e4higkeiten, Zahlen auch einer Zielgruppe zu vermitteln, die keine ausgepr\u00e4gte numerische Affinit\u00e4t aufweist und einem sympathischen, verbindlichen Auftritt mit der dazugeh\u00f6rigen sozialen Intelligenz.<\/p>\n<p>W. K.<br \/>\nGesch\u00e4ftsf\u00fchrender Gesellschafter<\/p>\n<p>&nbsp;<\/p>\n<p>Dank des methodischen und analytischen Vorgehens von Herrn Bartenstein werden sehr schnell die elementaren Grundlagen f\u00fcr anstehende strategische Entscheidungen geschaffen.<\/p>\n<p>Mir hat seine Vorarbeit in einem von ihm betreuten Unternehmen wertvolle Entscheidungshilfen geliefert, wie sie in dieser Qualit\u00e4t bei KMUs selten vorzufinden sind.<\/p>\n<p>M. E.<br \/>\nRechtsanwalt<\/p>\n<p>&nbsp;<\/p>\n<p>Herr Bartenstein betreute mein Unternehmen und f\u00fchrte es schlie\u00dflich durch den kompletten Due Diligence-Prozess mit der Heidelberger Druckmaschinen AG \u2013 sehr professionell und bis zum erfolgreichen Verkauf.<\/p>\n<p>H. M.<br \/>\nGesch\u00e4ftsf\u00fchrender Gesellschafter<\/p>\n<p>&nbsp;<\/p>\n<p>H. Bartenstein ist seit 2012 in allen Fragen rund um die Unternehmensentwicklung unser bester Berater. Das T\u00e4tigkeitsfeld umspannt von Preisverhandlungen mit Kunden, Verhandlungen mit Banken, Konzepterstellung eines leistungsf\u00e4higen Berichtswesens, Entwicklung von Kalkulationsmodellen und einem Gesch\u00e4ftsplan u.v.m. alle Bereiche der kaufm\u00e4nnischen Belange unseres Unternehmens. Ich bin mit seiner Leistung und den Ergebnissen \u00fcberaus zufrieden.<\/p>\n<p>In f\u00fcnf Schlagworten: vielseitig, zielorientiert, strukturiert, klar, kompetent.<\/p>\n<p>G. S.<br \/>\nGesch\u00e4ftsf\u00fchrender Gesellschafter<\/p>\n<p>&nbsp;<\/p>\n<p>Ich sch\u00e4tze an Ihrer Arbeit die sehr hohe fachliche Kompetenz sowie Ihre analytische Vorgehensweise Vorg\u00e4nge transparent zu machen.<\/p>\n<p>Aber auch Ihr pers\u00f6nliches Engagement und die Partnerschaftlichkeit. Letztendlich ist die Zusammenarbeit mit Ihnen sehr \u201egewinnbringend\u201c.<\/p>\n<p>A. G.<br \/>\nKfm. Leiter und Mitglied der Gesch\u00e4ftsleitung<\/p>\n<p>&nbsp;<\/p>\n<p>Durch die Unterst\u00fctzung von Herrn Rainer Bartenstein konnten wir in kurzer Zeit die Restrukturierung unserer Tochterfirma umsetzen.<\/p>\n<p>Hierbei hat uns nicht nur seine Mitarbeiter-F\u00fchrung und Mitarbeiter-Motivation \u00fcberzeugt, auch setzte er seinen Slogan \u201eTransparenz mit Zahlen\u201c sehr \u00fcberzeugend um. So konnten Probleme durch die Controlling-Auswertungen erkannt und zuk\u00fcnftige Planungen detailliert und dennoch \u00fcbersichtlich erstellt werden. Dies f\u00fchrte somit zu noch mehr Sicherheit bei unseren Finanzpartnern.<\/p>\n<p>Herrn Rainer Bartenstein danken wir f\u00fcr seine Unterst\u00fctzung sehr.<\/p>\n<p>T. W.<br \/>\nCIO und\u00a0Gesellschafter<\/p>\n<p>&nbsp;<\/p>\n<p>Ich sch\u00e4tze an\u00a0 Herrn Bartenstein seine gezielte Art vorzugehen, um Schw\u00e4chen herauszufinden\u00a0sowie seine Konsequenz bei der Beseitigung analysierter Fehler.<\/p>\n<p>S. K.<br \/>\nGesch\u00e4ftsf\u00fchrender Gesellschafter<\/p>\n<p>&nbsp;<\/p>\n<p>Herr Bartenstein begleitet unsere Firma seit 2009 mit Rat und Tat. Wir sch\u00e4tzen seine sehr hohe fachliche Kompetenz und die aufschlussreiche Analyse unserer Zahlen.<\/p>\n<p>G. Z.<br \/>\nGesch\u00e4ftsf\u00fchrender Gesellschafter<\/p>\n","protected":false},"excerpt":{"rendered":"<p>Herr Bartenstein besticht durch seine \u00e4u\u00dferst pr\u00e4zisen Analysen und seinem hochprofessionellen Umgang mit komplexen Zahlenwerken, gepaart mit einem sehr sympathischen Wesen und angenehmen Umgang mit seiner Mandantschaft. Ich kann jedem Herrn Bartenstein als Berater nur ans Herz legen. S. R. Gesch\u00e4ftsf\u00fchrende Gesellschafterin &nbsp; Herr Bartenstein begeistert uns seit nahezu 6\u00a0Jahren durch einen uniquen und harmonischen <br \/><a href=\"https:\/\/bartenstein.com\/index.php\/kundenstimmen\/\" class=\"more-link\">Mehr erfahren<\/a><\/p>\n","protected":false},"author":1,"featured_media":0,"parent":0,"menu_order":0,"comment_status":"closed","ping_status":"closed","template":"","meta":{"footnotes":""},"class_list":["post-139","page","type-page","status-publish","hentry"],"_links":{"self":[{"href":"https:\/\/bartenstein.com\/index.php\/wp-json\/wp\/v2\/pages\/139","targetHints":{"allow":["GET"]}}],"collection":[{"href":"https:\/\/bartenstein.com\/index.php\/wp-json\/wp\/v2\/pages"}],"about":[{"href":"https:\/\/bartenstein.com\/index.php\/wp-json\/wp\/v2\/types\/page"}],"author":[{"embeddable":true,"href":"https:\/\/bartenstein.com\/index.php\/wp-json\/wp\/v2\/users\/1"}],"replies":[{"embeddable":true,"href":"https:\/\/bartenstein.com\/index.php\/wp-json\/wp\/v2\/comments?post=139"}],"version-history":[{"count":0,"href":"https:\/\/bartenstein.com\/index.php\/wp-json\/wp\/v2\/pages\/139\/revisions"}],"wp:attachment":[{"href":"https:\/\/bartenstein.com\/index.php\/wp-json\/wp\/v2\/media?parent=139"}],"curies":[{"name":"wp","href":"https:\/\/api.w.org\/{rel}","templated":true}]}}