{"id":12,"date":"2015-02-27T14:48:48","date_gmt":"2015-02-27T14:48:48","guid":{"rendered":"http:\/\/www.bartenstein.com\/?page_id=12"},"modified":"2015-02-27T14:48:48","modified_gmt":"2015-02-27T14:48:48","slug":"sanierungsberatung","status":"publish","type":"page","link":"https:\/\/bartenstein.com\/index.php\/leistungen\/sanierungsberatung\/","title":{"rendered":"Sanierungsberatung"},"content":{"rendered":"<p>Ihr Umsatz sinkt und die Kosten steigen?<br \/>\nIhre Liquidit\u00e4t wird langsam, aber sicher aufgezehrt?<\/p>\n<p>Handeln Sie, solange Sie noch k\u00f6nnen. Wir verschaffen Ihnen schnell einen \u00dcberblick \u00fcber die aktuelle Situation, die Ursachen der Verschlechterung und an welchen Stellschrauben Sie drehen k\u00f6nnen und m\u00fcssen.<\/p>\n","protected":false},"excerpt":{"rendered":"<p>Ihr Umsatz sinkt und die Kosten steigen? Ihre Liquidit\u00e4t wird langsam, aber sicher aufgezehrt? Handeln Sie, solange Sie noch k\u00f6nnen. Wir verschaffen Ihnen schnell einen \u00dcberblick \u00fcber die aktuelle Situation, die Ursachen der Verschlechterung und an welchen Stellschrauben Sie drehen k\u00f6nnen und m\u00fcssen.<\/p>\n","protected":false},"author":1,"featured_media":56,"parent":8,"menu_order":40,"comment_status":"closed","ping_status":"closed","template":"","meta":{"footnotes":""},"class_list":["post-12","page","type-page","status-publish","has-post-thumbnail","hentry"],"_links":{"self":[{"href":"https:\/\/bartenstein.com\/index.php\/wp-json\/wp\/v2\/pages\/12","targetHints":{"allow":["GET"]}}],"collection":[{"href":"https:\/\/bartenstein.com\/index.php\/wp-json\/wp\/v2\/pages"}],"about":[{"href":"https:\/\/bartenstein.com\/index.php\/wp-json\/wp\/v2\/types\/page"}],"author":[{"embeddable":true,"href":"https:\/\/bartenstein.com\/index.php\/wp-json\/wp\/v2\/users\/1"}],"replies":[{"embeddable":true,"href":"https:\/\/bartenstein.com\/index.php\/wp-json\/wp\/v2\/comments?post=12"}],"version-history":[{"count":0,"href":"https:\/\/bartenstein.com\/index.php\/wp-json\/wp\/v2\/pages\/12\/revisions"}],"up":[{"embeddable":true,"href":"https:\/\/bartenstein.com\/index.php\/wp-json\/wp\/v2\/pages\/8"}],"wp:featuredmedia":[{"embeddable":true,"href":"https:\/\/bartenstein.com\/index.php\/wp-json\/"}],"wp:attachment":[{"href":"https:\/\/bartenstein.com\/index.php\/wp-json\/wp\/v2\/media?parent=12"}],"curies":[{"name":"wp","href":"https:\/\/api.w.org\/{rel}","templated":true}]}}