{"id":11,"date":"2015-02-27T14:48:23","date_gmt":"2015-02-27T14:48:23","guid":{"rendered":"http:\/\/www.bartenstein.com\/?page_id=10"},"modified":"2015-02-27T14:48:23","modified_gmt":"2015-02-27T14:48:23","slug":"rentabilitaetsberechnungen","status":"publish","type":"page","link":"https:\/\/bartenstein.com\/index.php\/leistungen\/rentabilitaetsberechnungen\/","title":{"rendered":"Rentabilit\u00e4tsberechnungen"},"content":{"rendered":"<p>Sie planen die Anschaffung einer gr\u00f6\u00dferen Maschine und wollen wissen, wie sich diese Investition \u201ebezahlt\u201c macht?<\/p>\n<p>Oder Ihre Bank m\u00f6chte das wissen?<br \/>\nUnd zwar in Prozent auf das eingesetzte Kapital? <\/p>\n<p>Oder in Amortisationsdauer?<\/p>\n<p>Machen wir!<\/p>\n","protected":false},"excerpt":{"rendered":"<p>Sie planen die Anschaffung einer gr\u00f6\u00dferen Maschine und wollen wissen, wie sich diese Investition \u201ebezahlt\u201c macht? Oder Ihre Bank m\u00f6chte das wissen? Und zwar in Prozent auf das eingesetzte Kapital? Oder in Amortisationsdauer? Machen wir!<\/p>\n","protected":false},"author":1,"featured_media":60,"parent":8,"menu_order":30,"comment_status":"closed","ping_status":"closed","template":"","meta":{"footnotes":""},"class_list":["post-11","page","type-page","status-publish","has-post-thumbnail","hentry"],"_links":{"self":[{"href":"https:\/\/bartenstein.com\/index.php\/wp-json\/wp\/v2\/pages\/11","targetHints":{"allow":["GET"]}}],"collection":[{"href":"https:\/\/bartenstein.com\/index.php\/wp-json\/wp\/v2\/pages"}],"about":[{"href":"https:\/\/bartenstein.com\/index.php\/wp-json\/wp\/v2\/types\/page"}],"author":[{"embeddable":true,"href":"https:\/\/bartenstein.com\/index.php\/wp-json\/wp\/v2\/users\/1"}],"replies":[{"embeddable":true,"href":"https:\/\/bartenstein.com\/index.php\/wp-json\/wp\/v2\/comments?post=11"}],"version-history":[{"count":0,"href":"https:\/\/bartenstein.com\/index.php\/wp-json\/wp\/v2\/pages\/11\/revisions"}],"up":[{"embeddable":true,"href":"https:\/\/bartenstein.com\/index.php\/wp-json\/wp\/v2\/pages\/8"}],"wp:featuredmedia":[{"embeddable":true,"href":"https:\/\/bartenstein.com\/index.php\/wp-json\/"}],"wp:attachment":[{"href":"https:\/\/bartenstein.com\/index.php\/wp-json\/wp\/v2\/media?parent=11"}],"curies":[{"name":"wp","href":"https:\/\/api.w.org\/{rel}","templated":true}]}}